{"id":80310,"date":"2025-06-19T11:42:20","date_gmt":"2025-06-19T11:42:20","guid":{"rendered":"https:\/\/chilimotion.de\/?post_type=product&#038;p=80310"},"modified":"2025-09-17T08:30:13","modified_gmt":"2025-09-17T08:30:13","slug":"chili-socks-3-fuer-2-angebot","status":"publish","type":"product","link":"https:\/\/chilimotion.de\/en\/produkt\/chili-socks-3-fuer-2-angebot\/","title":{"rendered":"CHILI Socks &#8211; 3 f\u00fcr 2 Angebot"},"content":{"rendered":"<table border=\"0\" width=\"473\" cellspacing=\"0\" cellpadding=\"0\">\n<colgroup>\n<col width=\"473\" \/><\/colgroup>\n<tbody>\n<tr>\n<td class=\"xl66\" width=\"473\" height=\"120\">CHILI Socken \u2013 Flausch trifft Funktion.<br \/>\nOb du den n\u00e4chsten Trail f\u00e4hrst oder einfach nur am Lagerfeuer chillst \u2013 die CHILI Socken liefern dir genau das Ma\u00df an Komfort, das du brauchst. Als hochwertige Tennissocken mit extra flauschigem Tragegef\u00fchl sind sie gemacht f\u00fcr lange Tage, viel Bewegung und entspannte Abende.<br \/>\nDie weiche, dickere Struktur sorgt f\u00fcr angenehme D\u00e4mpfung und ein kuscheliges Gef\u00fchl \u2013 ganz ohne zu rutschen oder sich unangenehm vollzusaugen. Dank der robusten Verarbeitung sind die Socken nicht nur gem\u00fctlich, sondern auch absolut einsatzbereit f\u00fcr Action auf dem Bike, zu Fu\u00df oder wo auch immer du unterwegs bist.<br \/>\nMit ihrem sportlichen Look passen sie easy zu Sneakern, Boots oder einfach barfu\u00df vorm Zelt. Und das Beste: Sie kommen in zwei Gr\u00f6\u00dfen (37\u201341 &amp; 42\u201346) und sitzen damit passgenau \u2013 egal, wohin dein Tag dich f\u00fchrt.<br \/>\nDetails:<br \/>\nHochwertige, flauschige Tennissocken<br \/>\nOptimal f\u00fcr Trail, Alltag und Chiller-Abende<br \/>\nSportlicher Fit mit bequemer Polsterung<br \/>\nErh\u00e4ltlich in den Gr\u00f6\u00dfen 37\u201341 und 42\u201346<br \/>\nVielseitig, langlebig, superweich<br \/>\nCHILI Socken \u2013 f\u00fcr hei\u00dfe Lines und kalte Abende.<\/td>\n<\/tr>\n<\/tbody>\n<\/table>\n","protected":false},"excerpt":{"rendered":"<p>CHILI Socken \u2013 Flausch trifft Funktion. Ob du den n\u00e4chsten Trail f\u00e4hrst oder einfach nur am Lagerfeuer chillst \u2013 die CHILI Socken liefern dir genau das Ma\u00df an Komfort, das du brauchst. Als hochwertige Tennissocken mit extra flauschigem Tragegef\u00fchl sind sie gemacht f\u00fcr lange Tage, viel Bewegung und entspannte Abende. Die weiche, dickere Struktur sorgt [&hellip;]<\/p>\n","protected":false},"featured_media":80343,"comment_status":"open","ping_status":"closed","template":"","meta":{"_et_pb_use_builder":"","_et_pb_old_content":"","_et_gb_content_width":""},"product_brand":[],"product_cat":[53,52],"product_tag":[],"class_list":{"0":"post-80310","1":"product","2":"type-product","3":"status-publish","4":"has-post-thumbnail","6":"product_cat-sichtbar","7":"product_cat-socken","9":"first","10":"instock","11":"sale","12":"taxable","13":"shipping-taxable","14":"purchasable","15":"product-type-variable"},"jetpack_sharing_enabled":true,"_links":{"self":[{"href":"https:\/\/chilimotion.de\/en\/wp-json\/wp\/v2\/product\/80310","targetHints":{"allow":["GET"]}}],"collection":[{"href":"https:\/\/chilimotion.de\/en\/wp-json\/wp\/v2\/product"}],"about":[{"href":"https:\/\/chilimotion.de\/en\/wp-json\/wp\/v2\/types\/product"}],"replies":[{"embeddable":true,"href":"https:\/\/chilimotion.de\/en\/wp-json\/wp\/v2\/comments?post=80310"}],"wp:featuredmedia":[{"embeddable":true,"href":"https:\/\/chilimotion.de\/en\/wp-json\/wp\/v2\/media\/80343"}],"wp:attachment":[{"href":"https:\/\/chilimotion.de\/en\/wp-json\/wp\/v2\/media?parent=80310"}],"wp:term":[{"taxonomy":"product_brand","embeddable":true,"href":"https:\/\/chilimotion.de\/en\/wp-json\/wp\/v2\/product_brand?post=80310"},{"taxonomy":"product_cat","embeddable":true,"href":"https:\/\/chilimotion.de\/en\/wp-json\/wp\/v2\/product_cat?post=80310"},{"taxonomy":"product_tag","embeddable":true,"href":"https:\/\/chilimotion.de\/en\/wp-json\/wp\/v2\/product_tag?post=80310"}],"curies":[{"name":"wp","href":"https:\/\/api.w.org\/{rel}","templated":true}]}}